{"id":2,"date":"2019-06-25T04:08:17","date_gmt":"2019-06-25T04:08:17","guid":{"rendered":"https:\/\/marcom.ee\/ee\/?page_id=2"},"modified":"2019-06-28T12:24:27","modified_gmt":"2019-06-28T12:24:27","slug":"sample-page","status":"publish","type":"page","link":"https:\/\/marcom.ee\/ee\/","title":{"rendered":"Meist"},"content":{"rendered":"\t\t<div data-elementor-type=\"post\" data-elementor-id=\"2\" class=\"elementor elementor-2\" data-elementor-settings=\"[]\">\n\t\t\t<div class=\"elementor-inner\">\n\t\t\t\t<div class=\"elementor-section-wrap\">\n\t\t\t\t\t\t\t<section class=\"elementor-element elementor-element-f85c519 elementor-section-boxed elementor-section-height-default elementor-section-height-default elementor-section elementor-top-section\" data-id=\"f85c519\" data-element_type=\"section\">\n\t\t\t\t\t\t<div class=\"elementor-container elementor-column-gap-default\">\n\t\t\t\t<div class=\"elementor-row\">\n\t\t\t\t<div class=\"elementor-element elementor-element-f7119b7 elementor-column elementor-col-100 elementor-top-column\" data-id=\"f7119b7\" data-element_type=\"column\">\n\t\t\t<div class=\"elementor-column-wrap  elementor-element-populated\">\n\t\t\t\t\t<div class=\"elementor-widget-wrap\">\n\t\t\t\t<div class=\"elementor-element elementor-element-9796b13 elementor-widget elementor-widget-heading\" data-id=\"9796b13\" data-element_type=\"widget\" data-widget_type=\"heading.default\">\n\t\t\t\t<div class=\"elementor-widget-container\">\n\t\t\t<h2 class=\"elementor-heading-title elementor-size-default\">Meist<\/h2>\t\t<\/div>\n\t\t\t\t<\/div>\n\t\t\t\t\t\t<\/div>\n\t\t\t<\/div>\n\t\t<\/div>\n\t\t\t\t\t\t<\/div>\n\t\t\t<\/div>\n\t\t<\/section>\n\t\t\t\t<section class=\"elementor-element elementor-element-2b9e543 elementor-section-boxed elementor-section-height-default elementor-section-height-default elementor-section elementor-top-section\" data-id=\"2b9e543\" data-element_type=\"section\">\n\t\t\t\t\t\t<div class=\"elementor-container elementor-column-gap-default\">\n\t\t\t\t<div class=\"elementor-row\">\n\t\t\t\t<div class=\"elementor-element elementor-element-529cc3f elementor-column elementor-col-25 elementor-top-column\" data-id=\"529cc3f\" data-element_type=\"column\">\n\t\t\t<div class=\"elementor-column-wrap\">\n\t\t\t\t\t<div class=\"elementor-widget-wrap\">\n\t\t\t\t\t\t<\/div>\n\t\t\t<\/div>\n\t\t<\/div>\n\t\t\t\t<div class=\"elementor-element elementor-element-6bf43ef elementor-column elementor-col-50 elementor-top-column\" data-id=\"6bf43ef\" data-element_type=\"column\">\n\t\t\t<div class=\"elementor-column-wrap  elementor-element-populated\">\n\t\t\t\t\t<div class=\"elementor-widget-wrap\">\n\t\t\t\t<div class=\"elementor-element elementor-element-a382cc0 elementor-widget elementor-widget-text-editor\" data-id=\"a382cc0\" data-element_type=\"widget\" data-widget_type=\"text-editor.default\">\n\t\t\t\t<div class=\"elementor-widget-container\">\n\t\t\t\t\t<div class=\"elementor-text-editor elementor-clearfix\"><h3 style=\"text-align: center;\">MarCom asutati eesm\u00e4rgiga pakkuda ettev\u00f5tetele personaalset anal\u00fc\u00fctikaalast l\u00e4henemist, mille tulemusel paraneksid nende m\u00fc\u00fcgitulemused ja turundusinvesteeringute tootlus (ROI \u2013 ingl <em>Return on Investment<\/em>).\u00a0<\/h3><h3 style=\"text-align: center;\">Pakume oma klientidele tulemusp\u00f5hist konsultatsiooni, et ettev\u00f5tte turundus ja m\u00fc\u00fcgiprogrammid oleksid veelgi t\u00f5husamad ning t\u00e4iustaksid ettev\u00f5tte kliendikogemust.<\/h3><h3 style=\"text-align: center;\">Meie eesm\u00e4rk on olla tootlikkuse ja m\u00fc\u00fcgi liikumapanevaks j\u00f5uks Baltimaades. \u00dchendame loovuse ja kogemuse tehnoloogia ning andmevaldkonnas \u2013 seda k\u00f5ike meie klientidele j\u00f5ukama tuleviku loomiseks.<\/h3><\/div>\n\t\t\t\t<\/div>\n\t\t\t\t<\/div>\n\t\t\t\t<div class=\"elementor-element elementor-element-0f731fa elementor-widget elementor-widget-text-editor\" data-id=\"0f731fa\" data-element_type=\"widget\" data-widget_type=\"text-editor.default\">\n\t\t\t\t<div class=\"elementor-widget-container\">\n\t\t\t\t\t<div class=\"elementor-text-editor elementor-clearfix\"><div class=\"elementor-element-overlay\" style=\"position: absolute; top: 0px; right: 0px; pointer-events: none;\"><ul class=\"elementor-editor-element-settings elementor-editor-widget-settings\"><li class=\"elementor-editor-element-setting elementor-editor-element-edit\" title=\"Edit\" style=\"text-align: center;\"><h4><span class=\"eicon-edit\" aria-hidden=\"true\"><\/span><span class=\"elementor-screen-only\">Edit<\/span><\/h4><\/li><\/ul><\/div><div class=\"elementor-widget-container\"><div class=\"elementor-text-editor elementor-clearfix elementor-inline-editing\" data-elementor-setting-key=\"editor\" data-elementor-inline-editing-toolbar=\"advanced\"><p><\/p><\/div><\/div><\/div>\n\t\t\t\t<\/div>\n\t\t\t\t<\/div>\n\t\t\t\t<div class=\"elementor-element elementor-element-7448739 elementor-widget elementor-widget-spacer\" data-id=\"7448739\" data-element_type=\"widget\" data-widget_type=\"spacer.default\">\n\t\t\t\t<div class=\"elementor-widget-container\">\n\t\t\t\t\t<div class=\"elementor-spacer\">\n\t\t\t<div class=\"elementor-spacer-inner\"><\/div>\n\t\t<\/div>\n\t\t\t\t<\/div>\n\t\t\t\t<\/div>\n\t\t\t\t\t\t<\/div>\n\t\t\t<\/div>\n\t\t<\/div>\n\t\t\t\t<div class=\"elementor-element elementor-element-59fe4ec elementor-column elementor-col-25 elementor-top-column\" data-id=\"59fe4ec\" data-element_type=\"column\">\n\t\t\t<div class=\"elementor-column-wrap\">\n\t\t\t\t\t<div class=\"elementor-widget-wrap\">\n\t\t\t\t\t\t<\/div>\n\t\t\t<\/div>\n\t\t<\/div>\n\t\t\t\t\t\t<\/div>\n\t\t\t<\/div>\n\t\t<\/section>\n\t\t\t\t<section class=\"elementor-element elementor-element-a9320c0 elementor-section-boxed elementor-section-height-default elementor-section-height-default elementor-section elementor-top-section\" data-id=\"a9320c0\" data-element_type=\"section\">\n\t\t\t\t\t\t<div class=\"elementor-container elementor-column-gap-default\">\n\t\t\t\t<div class=\"elementor-row\">\n\t\t\t\t<div class=\"elementor-element elementor-element-8f8c38a elementor-column elementor-col-100 elementor-top-column\" data-id=\"8f8c38a\" data-element_type=\"column\">\n\t\t\t<div class=\"elementor-column-wrap  elementor-element-populated\">\n\t\t\t\t\t<div class=\"elementor-widget-wrap\">\n\t\t\t\t<div class=\"elementor-element elementor-element-cfb93bd elementor-widget elementor-widget-spacer\" data-id=\"cfb93bd\" data-element_type=\"widget\" data-widget_type=\"spacer.default\">\n\t\t\t\t<div class=\"elementor-widget-container\">\n\t\t\t\t\t<div class=\"elementor-spacer\">\n\t\t\t<div class=\"elementor-spacer-inner\"><\/div>\n\t\t<\/div>\n\t\t\t\t<\/div>\n\t\t\t\t<\/div>\n\t\t\t\t\t\t<\/div>\n\t\t\t<\/div>\n\t\t<\/div>\n\t\t\t\t\t\t<\/div>\n\t\t\t<\/div>\n\t\t<\/section>\n\t\t\t\t\t\t<\/div>\n\t\t\t<\/div>\n\t\t<\/div>\n\t\t","protected":false},"excerpt":{"rendered":"<p>Meist MarCom asutati eesm\u00e4rgiga pakkuda ettev\u00f5tetele personaalset anal\u00fc\u00fctikaalast l\u00e4henemist, mille tulemusel paraneksid nende m\u00fc\u00fcgitulemused ja turundusinvesteeringute tootlus (ROI \u2013 ingl Return on Investment).\u00a0 Pakume oma klientidele tulemusp\u00f5hist konsultatsiooni, et ettev\u00f5tte turundus ja m\u00fc\u00fcgiprogrammid oleksid veelgi t\u00f5husamad ning t\u00e4iustaksid ettev\u00f5tte kliendikogemust. Meie eesm\u00e4rk on olla tootlikkuse ja m\u00fc\u00fcgi liikumapanevaks j\u00f5uks Baltimaades. [&hellip;]<\/p>\n","protected":false},"author":1,"featured_media":0,"parent":0,"menu_order":0,"comment_status":"closed","ping_status":"open","template":"","meta":{"footnotes":""},"class_list":["post-2","page","type-page","status-publish","hentry"],"_links":{"self":[{"href":"https:\/\/marcom.ee\/ee\/wp-json\/wp\/v2\/pages\/2","targetHints":{"allow":["GET"]}}],"collection":[{"href":"https:\/\/marcom.ee\/ee\/wp-json\/wp\/v2\/pages"}],"about":[{"href":"https:\/\/marcom.ee\/ee\/wp-json\/wp\/v2\/types\/page"}],"author":[{"embeddable":true,"href":"https:\/\/marcom.ee\/ee\/wp-json\/wp\/v2\/users\/1"}],"replies":[{"embeddable":true,"href":"https:\/\/marcom.ee\/ee\/wp-json\/wp\/v2\/comments?post=2"}],"version-history":[{"count":18,"href":"https:\/\/marcom.ee\/ee\/wp-json\/wp\/v2\/pages\/2\/revisions"}],"predecessor-version":[{"id":58,"href":"https:\/\/marcom.ee\/ee\/wp-json\/wp\/v2\/pages\/2\/revisions\/58"}],"wp:attachment":[{"href":"https:\/\/marcom.ee\/ee\/wp-json\/wp\/v2\/media?parent=2"}],"curies":[{"name":"wp","href":"https:\/\/api.w.org\/{rel}","templated":true}]}}